{"id":7546,"date":"2024-12-14T00:40:31","date_gmt":"2024-12-14T00:40:31","guid":{"rendered":"https:\/\/licenciashop.com\/portal\/?post_type=product&#038;p=7546"},"modified":"2026-03-06T11:41:02","modified_gmt":"2026-03-06T17:41:02","slug":"ccleaner-professional-2024-2","status":"publish","type":"product","link":"https:\/\/licenciashop.com\/portal\/producto\/ccleaner-professional-2024-2\/","title":{"rendered":"CCleaner Professional 2025 1 a\u00f1o 1 Equipo*"},"content":{"rendered":"<p data-start=\"280\" data-end=\"578\"><strong data-start=\"280\" data-end=\"346\">La herramienta de limpieza y optimizaci\u00f3n N.\u00ba 1 para PC y Mac.<\/strong><br data-start=\"346\" data-end=\"349\" \/><strong data-start=\"349\" data-end=\"379\">CCleaner Professional 2025<\/strong>\u00a0mejora el rendimiento de tu equipo, protege tu privacidad, actualiza tus controladores y mantiene tu sistema limpio y estable. Una soluci\u00f3n completa y galardonada para mantener tu equipo como nuevo.<\/p>\n<h3 data-start=\"585\" data-end=\"604\">\ud83d\udce6\u00a0<strong data-start=\"592\" data-end=\"604\">Incluye:<\/strong><\/h3>\n<ul data-start=\"605\" data-end=\"779\">\n<li data-start=\"605\" data-end=\"639\">\n<p data-start=\"607\" data-end=\"639\"><strong data-start=\"607\" data-end=\"637\">Licencia v\u00e1lida por 1 a\u00f1o.<\/strong><\/p>\n<\/li>\n<li data-start=\"640\" data-end=\"687\">\n<p data-start=\"642\" data-end=\"687\"><strong data-start=\"642\" data-end=\"685\">Activaci\u00f3n para 1 equipo.<\/strong><\/p>\n<\/li>\n<li data-start=\"688\" data-end=\"727\">\n<p data-start=\"690\" data-end=\"727\">Compatible con\u00a0<strong data-start=\"705\" data-end=\"724\">Windows y macOS<\/strong>.<\/p>\n<\/li>\n<li data-start=\"728\" data-end=\"779\">\n<p data-start=\"730\" data-end=\"779\">Entrega digital inmediata por correo electr\u00f3nico.<\/p>\n<\/li>\n<\/ul>\n","protected":false},"excerpt":{"rendered":"<h3 data-start=\"1577\" data-end=\"1613\">\ud83d\udce9\u00a0<strong data-start=\"1584\" data-end=\"1613\">Entrega\u00a0 Inmediata<\/strong><\/h3>\n<p data-start=\"1615\" data-end=\"1646\">Despu\u00e9s de completar tu compra:<\/p>\n<ul data-start=\"1648\" data-end=\"1987\">\n<li data-start=\"1648\" data-end=\"1728\">\n<p data-start=\"1650\" data-end=\"1728\">Recibir\u00e1s por correo electr\u00f3nico tu\u00a0<strong data-start=\"1686\" data-end=\"1725\">licencia alfanum\u00e9rica de activaci\u00f3n<\/strong>.<\/p>\n<\/li>\n<li data-start=\"1729\" data-end=\"1814\">\n<p data-start=\"1731\" data-end=\"1814\">El correo incluir\u00e1\u00a0<strong data-start=\"1750\" data-end=\"1778\">instrucciones detalladas<\/strong>\u00a0para la instalaci\u00f3n y activaci\u00f3n.<\/p>\n<\/li>\n<li data-start=\"1815\" data-end=\"1987\">\n<p data-start=\"1817\" data-end=\"1987\"><strong data-start=\"1817\" data-end=\"1832\">Importante:<\/strong>\u00a0Verifica tu bandeja de entrada, as\u00ed como las carpetas de\u00a0<strong data-start=\"1890\" data-end=\"1898\">Spam<\/strong>,\u00a0<strong data-start=\"1900\" data-end=\"1915\">Promociones<\/strong>\u00a0o\u00a0<strong data-start=\"1918\" data-end=\"1939\">Correo no deseado<\/strong>, ya que el mensaje puede llegar all\u00ed por error.<\/p>\n<\/li>\n<\/ul>\n<div class=\"band band--shaded band--intro\">\n<div class=\"container container--skinny text-center\">\n<div class=\"product-screen__puller\" role=\"presentation\"><\/div>\n<\/div>\n<\/div>\n<div class=\"band band--shaded band--intro\">\n<div class=\"container container--skinny text-center\">\n<div class=\"product-screen__puller\" role=\"presentation\">\n<p><img decoding=\"async\" class=\"product-screen aligncenter\" src=\"https:\/\/cdn-production.ccleaner.com\/site\/bywffrij\/hero-banner_productpage_po.png\" \/><\/p>\n<\/div>\n<\/div>\n<h3 data-start=\"786\" data-end=\"817\">\ud83d\ude80\u00a0<strong data-start=\"793\" data-end=\"817\">Funciones Destacadas<\/strong><\/h3>\n<h4 data-start=\"819\" data-end=\"857\">\u2705\u00a0<strong data-start=\"826\" data-end=\"857\">Optimizaci\u00f3n de rendimiento<\/strong><\/h4>\n<p data-start=\"858\" data-end=\"1030\">Aumenta hasta un\u00a0<strong data-start=\"875\" data-end=\"895\">34% la velocidad<\/strong>\u00a0de tu PC y extiende hasta un\u00a0<strong data-start=\"925\" data-end=\"958\">30% la duraci\u00f3n de la bater\u00eda<\/strong>.<br data-start=\"959\" data-end=\"962\" \/>Disfruta de un sistema m\u00e1s \u00e1gil y una experiencia de juego mejorada.<\/p>\n<h4 data-start=\"1032\" data-end=\"1091\">\ud83d\udd27\u00a0<strong data-start=\"1040\" data-end=\"1091\">Actualizaci\u00f3n de controladores (Driver Updater)<\/strong><\/h4>\n<p data-start=\"1092\" data-end=\"1236\">Mejora el rendimiento general actualizando controladores de imagen, sonido y red.<br data-start=\"1173\" data-end=\"1176\" \/>Evita bloqueos, errores de software y problemas de hardware.<\/p>\n<h4 data-start=\"1238\" data-end=\"1287\">\ud83e\udde0\u00a0<strong data-start=\"1246\" data-end=\"1287\">Chequeo del sistema (PC Health Check)<\/strong><\/h4>\n<p data-start=\"1288\" data-end=\"1424\">Analiza tu equipo, recomienda soluciones y aplica ajustes autom\u00e1ticos para un arranque m\u00e1s r\u00e1pido, mejor seguridad y un sistema estable.<\/p>\n<h4 data-start=\"1426\" data-end=\"1452\">\u26a1\u00a0<strong data-start=\"1433\" data-end=\"1452\">Mayor velocidad<\/strong><\/h4>\n<p data-start=\"1453\" data-end=\"1596\">Elimina archivos innecesarios, detiene apps en segundo plano y actualiza controladores obsoletos para que tu equipo funcione con mayor fluidez.<\/p>\n<h4 data-start=\"1598\" data-end=\"1631\">\ud83d\udd12\u00a0<strong data-start=\"1606\" data-end=\"1631\">Navegaci\u00f3n m\u00e1s segura<\/strong><\/h4>\n<p data-start=\"1632\" data-end=\"1766\">Elimina cookies y el historial de navegaci\u00f3n para proteger tu privacidad.<br data-start=\"1705\" data-end=\"1708\" \/>Evita el rastreo en l\u00ednea y mant\u00e9n tu identidad protegida.<\/p>\n<h4 data-start=\"1768\" data-end=\"1804\">\ud83e\uddf9\u00a0<strong data-start=\"1776\" data-end=\"1804\">Menos errores y bloqueos<\/strong><\/h4>\n<p data-start=\"1805\" data-end=\"1921\">Limpia el registro de Windows y repara errores comunes del sistema para evitar fallos, cuelgues y bloqueos molestos.<\/p>\n<h4 data-start=\"1923\" data-end=\"1952\">\ud83d\udd52\u00a0<strong data-start=\"1931\" data-end=\"1952\">Inicio m\u00e1s r\u00e1pido<\/strong><\/h4>\n<p data-start=\"1953\" data-end=\"2091\">Reduce significativamente el tiempo de arranque del equipo al desactivar aplicaciones innecesarias que se ejecutan al encender el sistema.<\/p>\n<hr data-start=\"2093\" data-end=\"2096\" \/>\n<h3 data-start=\"2098\" data-end=\"2133\">\ud83c\udfc6\u00a0<strong data-start=\"2105\" data-end=\"2133\">Optimizaci\u00f3n galardonada<\/strong><\/h3>\n<p data-start=\"2135\" data-end=\"2357\">Con millones de usuarios en todo el mundo,\u00a0<strong data-start=\"2178\" data-end=\"2203\">CCleaner Professional<\/strong>\u00a0es la herramienta de optimizaci\u00f3n preferida por su eficacia, facilidad de uso y funciones avanzadas tanto para principiantes como para usuarios expertos.<\/p>\n<p data-start=\"2135\" data-end=\"2357\">\ud83c\udfaf\u00a0<strong data-start=\"3361\" data-end=\"3462\">Mant\u00e9n tus equipos r\u00e1pidos, limpios y seguros durante todo el a\u00f1o con CCleaner Professional 2025.<\/strong><br data-start=\"3462\" data-end=\"3465\" \/>Ideal para hogares, oficinas o usuarios que desean mantener hasta 3 dispositivos en \u00f3ptimas condiciones.<\/p>\n<div class=\"container container--skinny text-center\">\n<div class=\"product-screen__puller\" role=\"presentation\">\n<div class=\"ribbon ribbon--product-image-easy-clean hide show-desk\" style=\"text-align: center;\">\n<div class=\"ribbon__curl ribbon__left\">\n<p style=\"text-align: left;\" data-start=\"2135\" data-end=\"2357\">\n<\/div>\n<\/div>\n<\/div>\n<\/div>\n<\/div>\n","protected":false},"featured_media":5982,"comment_status":"open","ping_status":"closed","template":"","meta":[],"product_brand":[],"product_cat":[31,43],"product_tag":[],"class_list":{"0":"post-7546","1":"product","2":"type-product","3":"status-publish","4":"has-post-thumbnail","6":"product_cat-precios-ti","7":"product_cat-profesionales-ti","9":"first","10":"instock","11":"downloadable","12":"virtual","13":"taxable","14":"purchasable","15":"product-type-simple"},"_links":{"self":[{"href":"https:\/\/licenciashop.com\/portal\/wp-json\/wp\/v2\/product\/7546","targetHints":{"allow":["GET"]}}],"collection":[{"href":"https:\/\/licenciashop.com\/portal\/wp-json\/wp\/v2\/product"}],"about":[{"href":"https:\/\/licenciashop.com\/portal\/wp-json\/wp\/v2\/types\/product"}],"replies":[{"embeddable":true,"href":"https:\/\/licenciashop.com\/portal\/wp-json\/wp\/v2\/comments?post=7546"}],"wp:featuredmedia":[{"embeddable":true,"href":"https:\/\/licenciashop.com\/portal\/wp-json\/wp\/v2\/media\/5982"}],"wp:attachment":[{"href":"https:\/\/licenciashop.com\/portal\/wp-json\/wp\/v2\/media?parent=7546"}],"wp:term":[{"taxonomy":"product_brand","embeddable":true,"href":"https:\/\/licenciashop.com\/portal\/wp-json\/wp\/v2\/product_brand?post=7546"},{"taxonomy":"product_cat","embeddable":true,"href":"https:\/\/licenciashop.com\/portal\/wp-json\/wp\/v2\/product_cat?post=7546"},{"taxonomy":"product_tag","embeddable":true,"href":"https:\/\/licenciashop.com\/portal\/wp-json\/wp\/v2\/product_tag?post=7546"}],"curies":[{"name":"wp","href":"https:\/\/api.w.org\/{rel}","templated":true}]}}