{"id":12055,"date":"2025-11-03T17:39:22","date_gmt":"2025-11-03T23:39:22","guid":{"rendered":"https:\/\/licenciashop.com\/portal\/?post_type=product&#038;p=12055"},"modified":"2026-04-20T10:53:42","modified_gmt":"2026-04-20T16:53:42","slug":"nitro-pro-pdf-10-2","status":"publish","type":"product","link":"https:\/\/licenciashop.com\/portal\/producto\/nitro-pro-pdf-10-2\/","title":{"rendered":"Nitro Pro Pdf 10*"},"content":{"rendered":"<p>software de edici\u00f3n de PDF y firma electr\u00f3nica que permite crear, editar, convertir y firmar documentos de manera segura<\/p>\n<p>&nbsp;<\/p>\n<p>1 Dispositivo | \ud83d\udcc6 Licencia alfanum\u00e9rica perpetua.<\/p>\n","protected":false},"excerpt":{"rendered":"<div>\n<div>\n<h3 data-start=\"791\" data-end=\"827\">\ud83d\udce9\u00a0<strong data-start=\"798\" data-end=\"827\">Entrega digital inmediata<\/strong><\/h3>\n<p data-start=\"829\" data-end=\"1016\">Una vez completada tu compra, recibir\u00e1s tu licencia directamente en tu\u00a0<strong data-start=\"900\" data-end=\"922\">correo electr\u00f3nico<\/strong>.<br data-start=\"923\" data-end=\"926\" \/>\u26a0\ufe0f\u00a0<em data-start=\"929\" data-end=\"1016\">No olvides revisar tambi\u00e9n las carpetas de\u00a0<strong data-start=\"973\" data-end=\"981\">SPAM<\/strong>, promociones o correo no deseado.<\/em><\/p>\n<h3 data-start=\"1023\" data-end=\"1055\">\ud83e\uddfe\u00a0<strong data-start=\"1030\" data-end=\"1055\">Licencia y activaci\u00f3n<\/strong><\/h3>\n<ul data-start=\"1057\" data-end=\"1357\">\n<li data-start=\"1057\" data-end=\"1100\">\n<p data-start=\"1059\" data-end=\"1100\">\ud83d\udd1f Cubre <strong data-start=\"1071\" data-end=\"1098\">1 dispositivo<\/strong><\/p>\n<\/li>\n<li data-start=\"1101\" data-end=\"1157\">\n<p data-start=\"1103\" data-end=\"1157\">\ud83d\udcc6 Validez: Permanente\u00a0desde el momento de activaci\u00f3n<\/p>\n<\/li>\n<\/ul>\n<\/div>\n<div><\/div>\n<div>\ud83d\udcbb\u00a0<strong data-start=\"1371\" data-end=\"1401\">Compatibilidad del sistema<\/strong><\/div>\n<div>\n<ul data-start=\"1403\" data-end=\"1652\">\n<li data-start=\"1403\" data-end=\"1476\">\n<p data-start=\"1405\" data-end=\"1476\">\ud83e\ude9f\u00a0<strong data-start=\"1408\" data-end=\"1419\">Windows<\/strong> 11, 10, 64 bits, completamente actualizados.<\/p>\n<\/li>\n<li data-start=\"1477\" data-end=\"1567\">\n<p data-start=\"1479\" data-end=\"1493\"><strong data-start=\"1482\" data-end=\"1491\">NO COMPATIBLE con macOS<\/strong><\/p>\n<\/li>\n<\/ul>\n<\/div>\n<\/div>\n<div>\n<h3 class=\"platform-mobile ios\"><em>Instalador Windows <a href=\"https:\/\/drive.google.com\/file\/d\/1hRZJcyWUYxdkPpaMJd2ziZNLTNUbqF3C\/view?usp=drive_link\">Aqu\u00ed:<\/a><\/em><\/h3>\n<\/div>\n<div>\n<div id=\"infoParrafo2\" class=\"cont-infoParrafo2-text\">\n<h2>Nitro Pro: programa de edici\u00f3n de PDF<\/h2>\n<p>Nitro Pro es una herramienta para\u00a0<strong>editar PDF profesionales<\/strong>\u00a0desarrollada por Nitro Software. Se trata de un software \u00fatil para empresas y aut\u00f3nomos. Con ella se pueden acelerar los flujos de trabajo y mejorar la eficiencia de los procesos de ofim\u00e1tica y administraci\u00f3n.Nitro Pro tiene muchos\u00a0<strong>competidores en este segmento<\/strong>. El principal es\u00a0<a href=\"https:\/\/adobe-acrobat-professional.softonic.com\/\" target=\"_blank\" rel=\"noopener\">Adobe Acrobat Pro PDF<\/a>, el programa m\u00e1s com\u00fan para este tipo de tareas; no obstante, tambi\u00e9n de los m\u00e1s caros. Aparte,\u00a0<a href=\"https:\/\/pdf-editor.softonic.com\/\" target=\"_blank\" rel=\"noopener\">PDF Editor<\/a>\u00a0puede merecer la pena.<\/p>\n<h3>\u00bfQu\u00e9 es Nitro Pro?<\/h3>\n<p>Nitro Pro es un programa de edici\u00f3n de PDF para ordenadores. Es un software\u00a0<strong>empleado por corporaciones de todo el mundo<\/strong>, como Exxon, Toyota, Continental&#8230; Que gigantes como estos atestig\u00fcen el buen funcionamiento de la herramienta es una magn\u00edfica garant\u00eda.<\/p>\n<\/div>\n<\/div>\n","protected":false},"featured_media":12054,"comment_status":"open","ping_status":"closed","template":"","meta":[],"product_brand":[],"product_cat":[31,43],"product_tag":[],"class_list":{"0":"post-12055","1":"product","2":"type-product","3":"status-publish","4":"has-post-thumbnail","6":"product_cat-precios-ti","7":"product_cat-profesionales-ti","9":"first","10":"instock","11":"virtual","12":"taxable","13":"purchasable","14":"product-type-simple"},"_links":{"self":[{"href":"https:\/\/licenciashop.com\/portal\/wp-json\/wp\/v2\/product\/12055","targetHints":{"allow":["GET"]}}],"collection":[{"href":"https:\/\/licenciashop.com\/portal\/wp-json\/wp\/v2\/product"}],"about":[{"href":"https:\/\/licenciashop.com\/portal\/wp-json\/wp\/v2\/types\/product"}],"replies":[{"embeddable":true,"href":"https:\/\/licenciashop.com\/portal\/wp-json\/wp\/v2\/comments?post=12055"}],"wp:featuredmedia":[{"embeddable":true,"href":"https:\/\/licenciashop.com\/portal\/wp-json\/wp\/v2\/media\/12054"}],"wp:attachment":[{"href":"https:\/\/licenciashop.com\/portal\/wp-json\/wp\/v2\/media?parent=12055"}],"wp:term":[{"taxonomy":"product_brand","embeddable":true,"href":"https:\/\/licenciashop.com\/portal\/wp-json\/wp\/v2\/product_brand?post=12055"},{"taxonomy":"product_cat","embeddable":true,"href":"https:\/\/licenciashop.com\/portal\/wp-json\/wp\/v2\/product_cat?post=12055"},{"taxonomy":"product_tag","embeddable":true,"href":"https:\/\/licenciashop.com\/portal\/wp-json\/wp\/v2\/product_tag?post=12055"}],"curies":[{"name":"wp","href":"https:\/\/api.w.org\/{rel}","templated":true}]}}