{"id":3,"date":"2023-10-04T07:21:59","date_gmt":"2023-10-04T07:21:59","guid":{"rendered":"https:\/\/licenciashop.com\/portal\/?page_id=3"},"modified":"2024-08-23T00:47:43","modified_gmt":"2024-08-23T00:47:43","slug":"politica-privacidad","status":"publish","type":"page","link":"https:\/\/licenciashop.com\/portal\/politica-privacidad\/","title":{"rendered":"Pol\u00edtica de privacidad"},"content":{"rendered":"\t\t<div data-elementor-type=\"wp-page\" data-elementor-id=\"3\" class=\"elementor elementor-3\" data-elementor-settings=\"{&quot;element_pack_global_tooltip_width&quot;:{&quot;unit&quot;:&quot;px&quot;,&quot;size&quot;:&quot;&quot;,&quot;sizes&quot;:[]},&quot;element_pack_global_tooltip_width_tablet&quot;:{&quot;unit&quot;:&quot;px&quot;,&quot;size&quot;:&quot;&quot;,&quot;sizes&quot;:[]},&quot;element_pack_global_tooltip_width_mobile&quot;:{&quot;unit&quot;:&quot;px&quot;,&quot;size&quot;:&quot;&quot;,&quot;sizes&quot;:[]},&quot;element_pack_global_tooltip_padding&quot;:{&quot;unit&quot;:&quot;px&quot;,&quot;top&quot;:&quot;&quot;,&quot;right&quot;:&quot;&quot;,&quot;bottom&quot;:&quot;&quot;,&quot;left&quot;:&quot;&quot;,&quot;isLinked&quot;:true},&quot;element_pack_global_tooltip_padding_tablet&quot;:{&quot;unit&quot;:&quot;px&quot;,&quot;top&quot;:&quot;&quot;,&quot;right&quot;:&quot;&quot;,&quot;bottom&quot;:&quot;&quot;,&quot;left&quot;:&quot;&quot;,&quot;isLinked&quot;:true},&quot;element_pack_global_tooltip_padding_mobile&quot;:{&quot;unit&quot;:&quot;px&quot;,&quot;top&quot;:&quot;&quot;,&quot;right&quot;:&quot;&quot;,&quot;bottom&quot;:&quot;&quot;,&quot;left&quot;:&quot;&quot;,&quot;isLinked&quot;:true},&quot;element_pack_global_tooltip_border_radius&quot;:{&quot;unit&quot;:&quot;px&quot;,&quot;top&quot;:&quot;&quot;,&quot;right&quot;:&quot;&quot;,&quot;bottom&quot;:&quot;&quot;,&quot;left&quot;:&quot;&quot;,&quot;isLinked&quot;:true},&quot;element_pack_global_tooltip_border_radius_tablet&quot;:{&quot;unit&quot;:&quot;px&quot;,&quot;top&quot;:&quot;&quot;,&quot;right&quot;:&quot;&quot;,&quot;bottom&quot;:&quot;&quot;,&quot;left&quot;:&quot;&quot;,&quot;isLinked&quot;:true},&quot;element_pack_global_tooltip_border_radius_mobile&quot;:{&quot;unit&quot;:&quot;px&quot;,&quot;top&quot;:&quot;&quot;,&quot;right&quot;:&quot;&quot;,&quot;bottom&quot;:&quot;&quot;,&quot;left&quot;:&quot;&quot;,&quot;isLinked&quot;:true}}\" data-elementor-post-type=\"page\">\n\t\t\t\t<div class=\"elementor-element elementor-element-434e89b9 e-flex e-con-boxed e-con e-parent\" data-id=\"434e89b9\" data-element_type=\"container\">\n\t\t\t\t\t<div class=\"e-con-inner\">\n\t\t<div class=\"elementor-element elementor-element-4ed205ae e-con-full e-flex e-con e-child\" data-id=\"4ed205ae\" data-element_type=\"container\" data-settings=\"{&quot;background_background&quot;:&quot;classic&quot;}\">\n\t\t\t\t<div class=\"elementor-element elementor-element-7bf53a8f elementor-widget elementor-widget-image\" data-id=\"7bf53a8f\" data-element_type=\"widget\" data-widget_type=\"image.default\">\n\t\t\t\t<div class=\"elementor-widget-container\">\n\t\t\t\t\t\t\t\t\t\t\t\t\t\t\t<img fetchpriority=\"high\" decoding=\"async\" width=\"544\" height=\"550\" src=\"https:\/\/licenciashop.com\/portal\/wp-content\/uploads\/2024\/08\/Fondo-01.png\" class=\"attachment-full size-full wp-image-6241\" alt=\"\" srcset=\"https:\/\/licenciashop.com\/portal\/wp-content\/uploads\/2024\/08\/Fondo-01.png 544w, https:\/\/licenciashop.com\/portal\/wp-content\/uploads\/2024\/08\/Fondo-01-297x300.png 297w, https:\/\/licenciashop.com\/portal\/wp-content\/uploads\/2024\/08\/Fondo-01-100x100.png 100w\" sizes=\"(max-width: 544px) 100vw, 544px\" \/>\t\t\t\t\t\t\t\t\t\t\t\t\t\t\t<\/div>\n\t\t\t\t<\/div>\n\t\t\t\t<\/div>\n\t\t<div class=\"elementor-element elementor-element-5cba305f e-con-full e-flex e-con e-child\" data-id=\"5cba305f\" data-element_type=\"container\">\n\t\t\t\t<div class=\"elementor-element elementor-element-66870656 elementor-widget elementor-widget-heading\" data-id=\"66870656\" data-element_type=\"widget\" data-widget_type=\"heading.default\">\n\t\t\t\t<div class=\"elementor-widget-container\">\n\t\t\t\t\t<h2 class=\"elementor-heading-title elementor-size-default\">Pol\u00edtica de privacidad<\/h2>\t\t\t\t<\/div>\n\t\t\t\t<\/div>\n\t\t\t\t<div class=\"elementor-element elementor-element-67e13719 elementor-widget elementor-widget-text-editor\" data-id=\"67e13719\" data-element_type=\"widget\" data-widget_type=\"text-editor.default\">\n\t\t\t\t<div class=\"elementor-widget-container\">\n\t\t\t\t\t\t\t\t\t<p>En Licencia Shop recopilamos, utilizamos y protegemos la informaci\u00f3n personal que recabamos a trav\u00e9s de nuestro sitio web, cumpliendo con las leyes y regulaciones de privacidad de M\u00e9xico.<\/p><h4>Informaci\u00f3n que Recopilamos:<\/h4><p>Cuando visitas nuestro sitio, podemos recopilar cierta informaci\u00f3n sobre tu dispositivo, incluida la direcci\u00f3n IP, el tipo de navegador, la zona horaria y algunas de las cookies que est\u00e1n instaladas en tu dispositivo.<\/p><p>Adem\u00e1s, cuando navegas por nuestro sitio, recopilamos informaci\u00f3n sobre las p\u00e1ginas web o productos que visualizas, las b\u00fasquedas que realizas y otros comportamientos relacionados con tu actividad en nuestro sitio.<\/p><h4>Uso de la Informaci\u00f3n:<\/h4><p>Utilizamos la informaci\u00f3n recopilada para personalizar tu experiencia en el sitio y para analizar c\u00f3mo interact\u00faas con nosotros. Esta informaci\u00f3n tambi\u00e9n nos ayuda a mejorar continuamente nuestro sitio y proporcionarte un contenido m\u00e1s relevante.<\/p><h4>Informaci\u00f3n que Recopilamos a trav\u00e9s de los formularios:<\/h4><p>Cuando decides ponerte en contacto con nosotros a trav\u00e9s de nuestros formularios, recopilamos la informaci\u00f3n que proporcionas, como tu nombre, direcci\u00f3n de correo electr\u00f3nico y cualquier otra informaci\u00f3n que decidas compartir.<\/p><h4>Uso de la Informaci\u00f3n del Formulario de Contacto:<\/h4><p>Utilizamos la informaci\u00f3n recopilada a trav\u00e9s de nuestros formularios exclusivamente para responder a tus consultas, proporcionarte la asistencia solicitada y mejorar nuestros servicios.<\/p><h4>Cookies:<\/h4><p>Nuestro sitio utiliza cookies y tecnolog\u00edas similares para recopilar informaci\u00f3n. Las cookies son peque\u00f1os archivos de datos que se colocan en tu dispositivo o computadora y sirven para mejorar tu experiencia de navegaci\u00f3n. Al aceptar nuestras cookies, nos das permiso para utilizar la informaci\u00f3n recopilada para los fines descritos en esta pol\u00edtica.<\/p><p>Puedes configurar tu navegador para rechazar todas o algunas cookies, o para que te avise cuando se env\u00eden cookies. Sin embargo, si decides desactivar las cookies, es posible que algunas partes de nuestro sitio no funcionen correctamente.<\/p><h4>Compartir Informaci\u00f3n:<\/h4><p>No vendemos, intercambiamos ni transferimos de ninguna manera tu informaci\u00f3n personal a terceros sin tu consentimiento, excepto cuando sea necesario para proporcionarte el servicio solicitado.<\/p><h4>Enlaces a Terceros:<\/h4><p>Nuestro sitio puede contener enlaces a sitios web de terceros. No somos responsables de las pr\u00e1cticas de privacidad de esos sitios y te recomendamos leer sus pol\u00edticas de privacidad.<\/p><h4>Seguridad:<\/h4><p>Tomamos medidas razonables para proteger la informaci\u00f3n personal que recopilamos. Sin embargo, ten en cuenta que ninguna transmisi\u00f3n de datos por Internet es completamente segura.<\/p><h4>Cambios en la Pol\u00edtica de Privacidad:<\/h4><p>Nos reservamos el derecho de modificar esta pol\u00edtica de privacidad en cualquier momento. Cualquier cambio se reflejar\u00e1 en esta p\u00e1gina.<\/p><p>Al utilizar nuestro sitio, aceptas los t\u00e9rminos de esta pol\u00edtica de privacidad y cookies de acuerdo con las leyes y regulaciones de privacidad de M\u00e9xico.<\/p><p>Para preguntas o aclaraciones adicionales, no dudes en contactarnos en contacto@licenciashop.com.<\/p><p>Gracias por confiar en Licencia Shop.<\/p>\t\t\t\t\t\t\t\t<\/div>\n\t\t\t\t<\/div>\n\t\t\t\t<\/div>\n\t\t\t\t\t<\/div>\n\t\t\t\t<\/div>\n\t\t\t\t<\/div>\n\t\t","protected":false},"excerpt":{"rendered":"<p>Pol\u00edtica de privacidad En Licencia Shop recopilamos, utilizamos y protegemos la informaci\u00f3n personal que recabamos a trav\u00e9s de nuestro sitio web, cumpliendo con las leyes y regulaciones de privacidad de M\u00e9xico. Informaci\u00f3n que Recopilamos: Cuando visitas nuestro sitio, podemos recopilar cierta informaci\u00f3n sobre tu dispositivo, incluida la direcci\u00f3n IP, el tipo de navegador, la zona [&hellip;]<\/p>\n","protected":false},"author":1,"featured_media":0,"parent":0,"menu_order":0,"comment_status":"closed","ping_status":"open","template":"elementor_header_footer","meta":{"footnotes":""},"class_list":["post-3","page","type-page","status-publish","hentry"],"_links":{"self":[{"href":"https:\/\/licenciashop.com\/portal\/wp-json\/wp\/v2\/pages\/3","targetHints":{"allow":["GET"]}}],"collection":[{"href":"https:\/\/licenciashop.com\/portal\/wp-json\/wp\/v2\/pages"}],"about":[{"href":"https:\/\/licenciashop.com\/portal\/wp-json\/wp\/v2\/types\/page"}],"author":[{"embeddable":true,"href":"https:\/\/licenciashop.com\/portal\/wp-json\/wp\/v2\/users\/1"}],"replies":[{"embeddable":true,"href":"https:\/\/licenciashop.com\/portal\/wp-json\/wp\/v2\/comments?post=3"}],"version-history":[{"count":24,"href":"https:\/\/licenciashop.com\/portal\/wp-json\/wp\/v2\/pages\/3\/revisions"}],"predecessor-version":[{"id":6247,"href":"https:\/\/licenciashop.com\/portal\/wp-json\/wp\/v2\/pages\/3\/revisions\/6247"}],"wp:attachment":[{"href":"https:\/\/licenciashop.com\/portal\/wp-json\/wp\/v2\/media?parent=3"}],"curies":[{"name":"wp","href":"https:\/\/api.w.org\/{rel}","templated":true}]}}