{"id":201,"date":"2023-10-16T02:35:51","date_gmt":"2023-10-16T02:35:51","guid":{"rendered":"https:\/\/licenciashop.com\/portal\/?page_id=201"},"modified":"2024-08-23T00:46:45","modified_gmt":"2024-08-23T00:46:45","slug":"quienes-somos","status":"publish","type":"page","link":"https:\/\/licenciashop.com\/portal\/quienes-somos\/","title":{"rendered":"Qui\u00e9nes somos"},"content":{"rendered":"\t\t<div data-elementor-type=\"wp-page\" data-elementor-id=\"201\" class=\"elementor elementor-201\" data-elementor-settings=\"{&quot;element_pack_global_tooltip_width&quot;:{&quot;unit&quot;:&quot;px&quot;,&quot;size&quot;:&quot;&quot;,&quot;sizes&quot;:[]},&quot;element_pack_global_tooltip_width_tablet&quot;:{&quot;unit&quot;:&quot;px&quot;,&quot;size&quot;:&quot;&quot;,&quot;sizes&quot;:[]},&quot;element_pack_global_tooltip_width_mobile&quot;:{&quot;unit&quot;:&quot;px&quot;,&quot;size&quot;:&quot;&quot;,&quot;sizes&quot;:[]},&quot;element_pack_global_tooltip_padding&quot;:{&quot;unit&quot;:&quot;px&quot;,&quot;top&quot;:&quot;&quot;,&quot;right&quot;:&quot;&quot;,&quot;bottom&quot;:&quot;&quot;,&quot;left&quot;:&quot;&quot;,&quot;isLinked&quot;:true},&quot;element_pack_global_tooltip_padding_tablet&quot;:{&quot;unit&quot;:&quot;px&quot;,&quot;top&quot;:&quot;&quot;,&quot;right&quot;:&quot;&quot;,&quot;bottom&quot;:&quot;&quot;,&quot;left&quot;:&quot;&quot;,&quot;isLinked&quot;:true},&quot;element_pack_global_tooltip_padding_mobile&quot;:{&quot;unit&quot;:&quot;px&quot;,&quot;top&quot;:&quot;&quot;,&quot;right&quot;:&quot;&quot;,&quot;bottom&quot;:&quot;&quot;,&quot;left&quot;:&quot;&quot;,&quot;isLinked&quot;:true},&quot;element_pack_global_tooltip_border_radius&quot;:{&quot;unit&quot;:&quot;px&quot;,&quot;top&quot;:&quot;&quot;,&quot;right&quot;:&quot;&quot;,&quot;bottom&quot;:&quot;&quot;,&quot;left&quot;:&quot;&quot;,&quot;isLinked&quot;:true},&quot;element_pack_global_tooltip_border_radius_tablet&quot;:{&quot;unit&quot;:&quot;px&quot;,&quot;top&quot;:&quot;&quot;,&quot;right&quot;:&quot;&quot;,&quot;bottom&quot;:&quot;&quot;,&quot;left&quot;:&quot;&quot;,&quot;isLinked&quot;:true},&quot;element_pack_global_tooltip_border_radius_mobile&quot;:{&quot;unit&quot;:&quot;px&quot;,&quot;top&quot;:&quot;&quot;,&quot;right&quot;:&quot;&quot;,&quot;bottom&quot;:&quot;&quot;,&quot;left&quot;:&quot;&quot;,&quot;isLinked&quot;:true}}\" data-elementor-post-type=\"page\">\n\t\t\t\t<div class=\"elementor-element elementor-element-0fedb79 e-flex e-con-boxed e-con e-parent\" data-id=\"0fedb79\" data-element_type=\"container\">\n\t\t\t\t\t<div class=\"e-con-inner\">\n\t\t<div class=\"elementor-element elementor-element-966b545 e-con-full e-flex e-con e-child\" data-id=\"966b545\" data-element_type=\"container\" data-settings=\"{&quot;background_background&quot;:&quot;classic&quot;}\">\n\t\t\t\t<div class=\"elementor-element elementor-element-2f1632b elementor-widget elementor-widget-image\" data-id=\"2f1632b\" data-element_type=\"widget\" data-widget_type=\"image.default\">\n\t\t\t\t<div class=\"elementor-widget-container\">\n\t\t\t\t\t\t\t\t\t\t\t\t\t\t\t<img fetchpriority=\"high\" decoding=\"async\" width=\"544\" height=\"550\" src=\"https:\/\/licenciashop.com\/portal\/wp-content\/uploads\/2024\/08\/Fondo-01.png\" class=\"attachment-full size-full wp-image-6241\" alt=\"\" srcset=\"https:\/\/licenciashop.com\/portal\/wp-content\/uploads\/2024\/08\/Fondo-01.png 544w, https:\/\/licenciashop.com\/portal\/wp-content\/uploads\/2024\/08\/Fondo-01-297x300.png 297w, https:\/\/licenciashop.com\/portal\/wp-content\/uploads\/2024\/08\/Fondo-01-100x100.png 100w\" sizes=\"(max-width: 544px) 100vw, 544px\" \/>\t\t\t\t\t\t\t\t\t\t\t\t\t\t\t<\/div>\n\t\t\t\t<\/div>\n\t\t\t\t<\/div>\n\t\t<div class=\"elementor-element elementor-element-0735633 e-con-full e-flex e-con e-child\" data-id=\"0735633\" data-element_type=\"container\">\n\t\t\t\t<div class=\"elementor-element elementor-element-de4a1e2 elementor-widget elementor-widget-heading\" data-id=\"de4a1e2\" data-element_type=\"widget\" data-widget_type=\"heading.default\">\n\t\t\t\t<div class=\"elementor-widget-container\">\n\t\t\t\t\t<h2 class=\"elementor-heading-title elementor-size-default\">Qui\u00e9nes somos<\/h2>\t\t\t\t<\/div>\n\t\t\t\t<\/div>\n\t\t\t\t<div class=\"elementor-element elementor-element-e21ea03 elementor-widget elementor-widget-text-editor\" data-id=\"e21ea03\" data-element_type=\"widget\" data-widget_type=\"text-editor.default\">\n\t\t\t\t<div class=\"elementor-widget-container\">\n\t\t\t\t\t\t\t\t\t<p>Bienvenidos a \u00abLicencia Shop\u00bb, donde nos enorgullece presentarnos en el mundo de la tecnolog\u00eda y el software.<\/p><p>Somos una empresa debidamente registrada que se especializa en la venta de licencias de software legal.<\/p><p>Nuestro compromiso principal es ofrecer a nuestros clientes una compra segura y confiable, asegurando que cada soluci\u00f3n de software adquirida cumpla con las regulaciones y est\u00e1ndares m\u00e1s rigurosos. En \u00abLicencia Shop,\u00bb nos esforzamos por brindar la m\u00e1xima calidad y autenticidad en nuestros productos, respaldados por una dedicaci\u00f3n inquebrantable a la satisfacci\u00f3n del cliente. Descubre m\u00e1s sobre nosotros y c\u00f3mo podemos ayudarte a alcanzar tus metas en el emocionante mundo del software.<\/p>\t\t\t\t\t\t\t\t<\/div>\n\t\t\t\t<\/div>\n\t\t\t\t<\/div>\n\t\t\t\t\t<\/div>\n\t\t\t\t<\/div>\n\t\t\t\t<\/div>\n\t\t","protected":false},"excerpt":{"rendered":"<p>Qui\u00e9nes somos Bienvenidos a \u00abLicencia Shop\u00bb, donde nos enorgullece presentarnos en el mundo de la tecnolog\u00eda y el software. Somos una empresa debidamente registrada que se especializa en la venta de licencias de software legal. Nuestro compromiso principal es ofrecer a nuestros clientes una compra segura y confiable, asegurando que cada soluci\u00f3n de software adquirida [&hellip;]<\/p>\n","protected":false},"author":1,"featured_media":0,"parent":0,"menu_order":0,"comment_status":"closed","ping_status":"closed","template":"elementor_header_footer","meta":{"footnotes":""},"class_list":["post-201","page","type-page","status-publish","hentry"],"_links":{"self":[{"href":"https:\/\/licenciashop.com\/portal\/wp-json\/wp\/v2\/pages\/201","targetHints":{"allow":["GET"]}}],"collection":[{"href":"https:\/\/licenciashop.com\/portal\/wp-json\/wp\/v2\/pages"}],"about":[{"href":"https:\/\/licenciashop.com\/portal\/wp-json\/wp\/v2\/types\/page"}],"author":[{"embeddable":true,"href":"https:\/\/licenciashop.com\/portal\/wp-json\/wp\/v2\/users\/1"}],"replies":[{"embeddable":true,"href":"https:\/\/licenciashop.com\/portal\/wp-json\/wp\/v2\/comments?post=201"}],"version-history":[{"count":55,"href":"https:\/\/licenciashop.com\/portal\/wp-json\/wp\/v2\/pages\/201\/revisions"}],"predecessor-version":[{"id":6244,"href":"https:\/\/licenciashop.com\/portal\/wp-json\/wp\/v2\/pages\/201\/revisions\/6244"}],"wp:attachment":[{"href":"https:\/\/licenciashop.com\/portal\/wp-json\/wp\/v2\/media?parent=201"}],"curies":[{"name":"wp","href":"https:\/\/api.w.org\/{rel}","templated":true}]}}